{"id":6,"date":"2017-01-06T12:46:08","date_gmt":"2017-01-06T12:46:08","guid":{"rendered":"http:\/\/benbartholdy.de\/?page_id=6"},"modified":"2017-11-13T09:16:12","modified_gmt":"2017-11-13T09:16:12","slug":"home","status":"publish","type":"page","link":"https:\/\/benbartholdy.de\/","title":{"rendered":"Home"},"content":{"rendered":"<p>Gaststr. 10 \u00b7 26655 Westerstede \u00b7 Tel. 04488 &#8211; 52 77 77 7 \u00b7 Fax 04488 &#8211; 52 77 77 11<\/p>\n<hr \/>\n<p><a href=\"http:\/\/benbartholdy.de\/wp-content\/uploads\/2017\/01\/LogoSolo.jpg\"><img decoding=\"async\" loading=\"lazy\" class=\"alignleft size-full wp-image-71\" src=\"http:\/\/benbartholdy.de\/wp-content\/uploads\/2017\/01\/LogoSolo.jpg\" alt=\"\" width=\"146\" height=\"218\" \/><\/a>In meiner Kanzlei werden Sie in Fragen des Strafrechts und der dazugeh\u00f6rigen Rechtsgebiete umfassend und kompetent beraten.<\/p>\n<p>Fragen des Strafrechts sind immer dann relevant, wenn Sie Kontakt mit der Polizei, der Staatsanwaltschaft, einem Gericht oder einer Beh\u00f6rde haben. Diese Kontakte k\u00f6nnen unterschiedlicher Natur sein:<\/p>\n<p>\u2022\u00a0 Sie treffen auf einen Polizeibeamten, sei es im Stra\u00dfenverkehr, im Rahmen einer Hausdurchsuchung, anl\u00e4\u00dflich Ihrer Festnahme oder aufgrund eines Telefonanrufs oder eines Hausbesuchs durch Polizeibeamte.<\/p>\n<p>\u2022\u00a0 Sie bekommen eines der folgenden Schriftst\u00fccke zugesandt:<br \/>\n&#8211; Anh\u00f6rungsbogen<br \/>\n&#8211; Beschuldigten-\/Zeugenvorladung<br \/>\n&#8211; Bu\u00dfgeldbescheid<br \/>\n&#8211; Strafbefehl<br \/>\n&#8211; Anklageschrift<\/p>\n<p>Bei Vorw\u00fcrfen gegen Sie sollten Sie sich mit Aussagen zur\u00fcckhalten und erst eine rechtliche Beratung in Anspruch nehmen, bevor Sie sich in eine schwierige Situation bringen. Auch wenn man Ihnen den Eindruck vermittelt, Sie m\u00fcssten sofort reagieren: Es gibt keine Rechtspflicht zu einer sofortigen Reaktion und es ist immer sinnvoll, zun\u00e4chst Rat einzuholen.<\/p>\n<p>Die Ermittlungsbeh\u00f6rde, die einen Vorgang anlegt und bearbeitet, ist auch bestrebt, diesen Vorgang \u201eerfolgreich\u201d abzuschlie\u00dfen. Mit anderen Worten: Ein ermittelnder Polizeibeamter ist bestrebt, einen Vorwurf \u201ewasserdicht\u201d zur Vorlage bei der Staatsanwaltschaft vorzubereiten, damit dort die Voraussetzung zur Erhebung der Anklage besteht. Es liegt auf der Hand, dass Ermittlungsbeamte es nicht als \u201eErfolg\u201d ansehen, wenn ein Ermittlungsverfahren eingestellt werden muss.<\/p>\n<p>Aufgabe des Strafverteidigers ist es, den Beschuldigten umfassend zu beraten. Er verschafft sich zun\u00e4chst einen \u00dcberblick \u00fcber den Umfang der Vorw\u00fcrfe und des Ermittlungsstandes. Dies geschieht durch die Informationen des Mandanten und durch Akteneinsicht. Das Recht zur Akteneinsicht steht nur einem Rechtsanwalt zu, nicht dem Betroffenen oder Beschuldigten.<\/p>\n<p>Sie kennen als Beschuldigter oder Betroffener den Stand der Ermittlungen nicht. Deshalb sollten Sie sich auch noch nicht dazu \u00e4u\u00dfern. Das m\u00fcssen Sie auch nicht, denn nach den europ\u00e4ischen Menschenrechten hat jeder das Recht zu schweigen \u2013 und das Schweigen darf Ihnen nicht zum Nachteil gereichen.<\/p>\n<p>Sie m\u00fcssen davon ausgehen, dass Ihre \u00c4u\u00dferungen erfasst und damit Bestandteil der Akten werden. Es gibt nichts Unangenehmeres, als eine unbedachte \u00c4u\u00dferung sp\u00e4ter im Verfahren richtig stellen zu m\u00fcssen. Schnell geht so die Glaubw\u00fcrdigkeit verloren. Gegebenenfalls m\u00fcssen Sie so lange schweigen, bis Ihnen das Recht einger\u00e4umt wird, mit einem Strafverteidiger zu sprechen \u2013 selbst wenn es 48 Stunden dauert.<\/p>\n<p>Es liegt in der Natur des Menschen, auf Vorw\u00fcrfe unmittelbar abwehrend zu reagieren. Diese Reaktionen sind aber oft unbedacht, zu kurz gedacht und f\u00fchren nicht selten zu inakzeptablen Folgen. Den Weg zu einer vern\u00fcnftigen Reaktion kann Ihnen ein kompetenter Strafverteidiger zeigen, nachdem er sich umfassend informiert hat.<\/p>\n<p>&nbsp;<\/p>\n<h5><strong>Warum einen Fachanwalt f\u00fcr Strafrecht beauftragen?<\/strong><\/h5>\n<p>Auch in der Rechtsanwaltschaft hat sich die Spezialisierung durchgesetzt. Die fortschreitende Verfeinerung des Rechtssystems hat dazu gef\u00fchrt, dass der klassische Rechtsanwalt, der sich in allen Bereichen des Rechts auskennt und immer einen fundierten Rat auf dem Stand der neusten Gesetzgebung und Rechtsprechung erteilen kann, in der Praxis kaum noch anzutreffen ist.<\/p>\n<p>Da aber in jedem Rechtsgebiet Rat auf qualitativ h\u00f6chster Stufe gew\u00e4hrleistet werden soll, hat die Bundesrechtsanwaltskammer seit einigen Jahren verschiedene Fachanwaltschaften eingerichtet und zugelassen.<\/p>\n<p>Durch die besonderen Anforderungen an den \u201eFachanwalt f\u00fcr Strafrecht\u201d ist gew\u00e4hrleistet, dass Sie qualitativ hochwertigen Rat unter Einbeziehung der aktuellen Gesetzes\u00e4nderungen und Rechtsprechung erhalten.<\/p>\n<p>Von derzeit ca. 164.000 Rechtsanw\u00e4lten sind nur etwa zwei Prozent Fachanw\u00e4lte f\u00fcr Strafrecht. Diese relativ geringe Anzahl von Fachanw\u00e4lten f\u00fcr Strafrecht und die besonderen Zust\u00e4ndigkeitsregelungen der Strafprozessordnung f\u00fchren dazu, dass Fachanw\u00e4lte f\u00fcr Strafrecht regelm\u00e4\u00dfig im gesamten Bundesgebiet t\u00e4tig sind.<\/p>\n<p>Auch meine Kanzlei verteidigt in Straf- und Ordnungswidrigkeitssachen im gesamten Bundesgebiet und vertritt in Verfahren vor dem Europ\u00e4ischen Gerichtshof f\u00fcr Menschenrechte in Stra\u00dfburg.<\/p>\n","protected":false},"excerpt":{"rendered":"<p>Gaststr. 10 \u00b7 26655 Westerstede \u00b7 Tel. 04488 &#8211; 52 77 77 7 \u00b7 Fax 04488 &#8211; 52 77 77 11 In meiner Kanzlei werden Sie in Fragen des Strafrechts und der dazugeh\u00f6rigen Rechtsgebiete umfassend und kompetent beraten. Fragen des Strafrechts sind immer dann relevant, wenn Sie Kontakt mit der Polizei, der Staatsanwaltschaft, einem Gericht&#8230;<\/p>\n","protected":false},"author":1,"featured_media":0,"parent":0,"menu_order":0,"comment_status":"closed","ping_status":"closed","template":"","meta":[],"_links":{"self":[{"href":"https:\/\/benbartholdy.de\/index.php?rest_route=\/wp\/v2\/pages\/6"}],"collection":[{"href":"https:\/\/benbartholdy.de\/index.php?rest_route=\/wp\/v2\/pages"}],"about":[{"href":"https:\/\/benbartholdy.de\/index.php?rest_route=\/wp\/v2\/types\/page"}],"author":[{"embeddable":true,"href":"https:\/\/benbartholdy.de\/index.php?rest_route=\/wp\/v2\/users\/1"}],"replies":[{"embeddable":true,"href":"https:\/\/benbartholdy.de\/index.php?rest_route=%2Fwp%2Fv2%2Fcomments&post=6"}],"version-history":[{"count":27,"href":"https:\/\/benbartholdy.de\/index.php?rest_route=\/wp\/v2\/pages\/6\/revisions"}],"predecessor-version":[{"id":112,"href":"https:\/\/benbartholdy.de\/index.php?rest_route=\/wp\/v2\/pages\/6\/revisions\/112"}],"wp:attachment":[{"href":"https:\/\/benbartholdy.de\/index.php?rest_route=%2Fwp%2Fv2%2Fmedia&parent=6"}],"curies":[{"name":"wp","href":"https:\/\/api.w.org\/{rel}","templated":true}]}}