{"id":21,"date":"2017-01-06T12:47:10","date_gmt":"2017-01-06T12:47:10","guid":{"rendered":"http:\/\/benbartholdy.de\/?page_id=21"},"modified":"2017-01-13T18:50:11","modified_gmt":"2017-01-13T18:50:11","slug":"kontakt","status":"publish","type":"page","link":"https:\/\/benbartholdy.de\/?page_id=21","title":{"rendered":"Kontakt"},"content":{"rendered":"<p>&nbsp;<\/p>\n<p><a href=\"http:\/\/benbartholdy.de\/wp-content\/uploads\/2017\/01\/Kanzlei.jpg\"><img decoding=\"async\" loading=\"lazy\" class=\"size-full wp-image-75 alignright\" src=\"http:\/\/benbartholdy.de\/wp-content\/uploads\/2017\/01\/Kanzlei.jpg\" alt=\"\" width=\"200\" height=\"146\" \/><\/a>Dipl.-Kriminologe<br \/>\nBen Bartholdy<br \/>\nRechtsanwalt<\/p>\n<p>Gaststra\u00dfe 10<br \/>\n26655 Westerstede<\/p>\n<p>Telefon 0 44 88 &#8211; 52 77 77 7<br \/>\nTelefax 0 44 88 &#8211; 52 77 77 11<\/p>\n<p>Eine e-mail-Adresse wird aufgrund der spezifischen Arbeitsinhalte eines Fachanwaltes f\u00fcr Strafrecht und der Unsicherheiten in der Daten\u00fcbermittlung an dieser Stelle nicht bekannt gegeben. Bitte nehmen Sie den Kontakt pers\u00f6nlich, schriftlich oder telefonisch auf.<\/p>\n<p>Anfahrt:<\/p>\n<p>A28 aus Richtung Oldenburg oder Leer, Anschlu\u00dfstelle Westerstede,<br \/>\nvon der Abfahrt auf der Ammerlandallee Richtung Westerstede\/Ocholt\/Apen,<br \/>\nan der ersten Ampelkreuzung rechts (Am Hamjebusch), nach ca. 200 m links in die Gaststra\u00dfe.<\/p>\n","protected":false},"excerpt":{"rendered":"<p>&nbsp; Dipl.-Kriminologe Ben Bartholdy Rechtsanwalt Gaststra\u00dfe 10 26655 Westerstede Telefon 0 44 88 &#8211; 52 77 77 7 Telefax 0 44 88 &#8211; 52 77 77 11 Eine e-mail-Adresse wird aufgrund der spezifischen Arbeitsinhalte eines Fachanwaltes f\u00fcr Strafrecht und der Unsicherheiten in der Daten\u00fcbermittlung an dieser Stelle nicht bekannt gegeben. Bitte nehmen Sie den Kontakt&#8230;<\/p>\n","protected":false},"author":1,"featured_media":0,"parent":0,"menu_order":0,"comment_status":"closed","ping_status":"closed","template":"","meta":[],"_links":{"self":[{"href":"https:\/\/benbartholdy.de\/index.php?rest_route=\/wp\/v2\/pages\/21"}],"collection":[{"href":"https:\/\/benbartholdy.de\/index.php?rest_route=\/wp\/v2\/pages"}],"about":[{"href":"https:\/\/benbartholdy.de\/index.php?rest_route=\/wp\/v2\/types\/page"}],"author":[{"embeddable":true,"href":"https:\/\/benbartholdy.de\/index.php?rest_route=\/wp\/v2\/users\/1"}],"replies":[{"embeddable":true,"href":"https:\/\/benbartholdy.de\/index.php?rest_route=%2Fwp%2Fv2%2Fcomments&post=21"}],"version-history":[{"count":3,"href":"https:\/\/benbartholdy.de\/index.php?rest_route=\/wp\/v2\/pages\/21\/revisions"}],"predecessor-version":[{"id":103,"href":"https:\/\/benbartholdy.de\/index.php?rest_route=\/wp\/v2\/pages\/21\/revisions\/103"}],"wp:attachment":[{"href":"https:\/\/benbartholdy.de\/index.php?rest_route=%2Fwp%2Fv2%2Fmedia&parent=21"}],"curies":[{"name":"wp","href":"https:\/\/api.w.org\/{rel}","templated":true}]}}